{"id":1076,"date":"2021-10-05T12:48:16","date_gmt":"2021-10-05T09:48:16","guid":{"rendered":"https:\/\/hasado.fi\/?page_id=1076"},"modified":"2021-10-08T14:23:36","modified_gmt":"2021-10-08T11:23:36","slug":"hasado-galleria","status":"publish","type":"page","link":"https:\/\/hasado.fi\/en\/hasado-galleria\/","title":{"rendered":"HASADO GALLERIA"},"content":{"rendered":"<div data-elementor-type=\"wp-page\" data-elementor-id=\"1076\" class=\"elementor elementor-1076\">\n\t\t\t\t\t\t<section class=\"elementor-section elementor-top-section elementor-element elementor-element-802bbbf elementor-section-boxed elementor-section-height-default elementor-section-height-default\" data-id=\"802bbbf\" data-element_type=\"section\">\n\t\t\t\t\t\t<div class=\"elementor-container elementor-column-gap-default\">\n\t\t\t\t\t<div class=\"elementor-column elementor-col-100 elementor-top-column elementor-element elementor-element-6a3f72b\" data-id=\"6a3f72b\" data-element_type=\"column\">\n\t\t\t<div class=\"elementor-widget-wrap elementor-element-populated\">\n\t\t\t\t\t\t<div class=\"elementor-element elementor-element-b1cc085 elementor-widget elementor-widget-spacer\" data-id=\"b1cc085\" data-element_type=\"widget\" data-widget_type=\"spacer.default\">\n\t\t\t\t<div class=\"elementor-widget-container\">\n\t\t\t\t\t\t\t<div class=\"elementor-spacer\">\n\t\t\t<div class=\"elementor-spacer-inner\"><\/div>\n\t\t<\/div>\n\t\t\t\t\t\t<\/div>\n\t\t\t\t<\/div>\n\t\t\t\t<div class=\"elementor-element elementor-element-53531d6 elementor-widget elementor-widget-text-editor\" data-id=\"53531d6\" data-element_type=\"widget\" data-widget_type=\"text-editor.default\">\n\t\t\t\t<div class=\"elementor-widget-container\">\n\t\t\t\t\t\t\t\t\t<h3><strong>T\u00e4lt\u00e4 sivulta l\u00f6ytyv\u00e4t mittausty\u00f6n\u00e4 toteutetut tuotteet.<\/strong><\/h3>\t\t\t\t\t\t\t\t<\/div>\n\t\t\t\t<\/div>\n\t\t\t\t<div class=\"elementor-element elementor-element-fa9f27b elementor-widget elementor-widget-spacer\" data-id=\"fa9f27b\" data-element_type=\"widget\" data-widget_type=\"spacer.default\">\n\t\t\t\t<div class=\"elementor-widget-container\">\n\t\t\t\t\t\t\t<div class=\"elementor-spacer\">\n\t\t\t<div class=\"elementor-spacer-inner\"><\/div>\n\t\t<\/div>\n\t\t\t\t\t\t<\/div>\n\t\t\t\t<\/div>\n\t\t\t\t\t<\/div>\n\t\t<\/div>\n\t\t\t\t\t<\/div>\n\t\t<\/section>\n\t\t\t\t<section class=\"elementor-section elementor-top-section elementor-element elementor-element-5c71274 elementor-section-boxed elementor-section-height-default elementor-section-height-default\" data-id=\"5c71274\" data-element_type=\"section\">\n\t\t\t\t\t\t<div class=\"elementor-container elementor-column-gap-default\">\n\t\t\t\t\t<div class=\"elementor-column elementor-col-33 elementor-top-column elementor-element elementor-element-1a6b1c2\" data-id=\"1a6b1c2\" data-element_type=\"column\">\n\t\t\t<div class=\"elementor-widget-wrap\">\n\t\t\t\t\t\t\t<\/div>\n\t\t<\/div>\n\t\t\t\t<div class=\"elementor-column elementor-col-33 elementor-top-column elementor-element elementor-element-516d7b3\" data-id=\"516d7b3\" data-element_type=\"column\">\n\t\t\t<div class=\"elementor-widget-wrap elementor-element-populated\">\n\t\t\t\t\t\t<div class=\"elementor-element elementor-element-fcae527 elementor-widget elementor-widget-image\" data-id=\"fcae527\" data-element_type=\"widget\" data-settings=\"{&quot;_animation&quot;:&quot;none&quot;}\" data-widget_type=\"image.default\">\n\t\t\t\t<div class=\"elementor-widget-container\">\n\t\t\t\t\t\t\t\t\t\t\t\t\t\t\t<img fetchpriority=\"high\" decoding=\"async\" width=\"720\" height=\"960\" src=\"https:\/\/hasado.fi\/wp-content\/uploads\/2021\/10\/Hasado-Wood-Rack-tailored.jpg\" class=\"attachment-medium_large size-medium_large wp-image-1079\" alt=\"\" srcset=\"https:\/\/hasado.fi\/wp-content\/uploads\/2021\/10\/Hasado-Wood-Rack-tailored.jpg 720w, https:\/\/hasado.fi\/wp-content\/uploads\/2021\/10\/Hasado-Wood-Rack-tailored-225x300.jpg 225w, https:\/\/hasado.fi\/wp-content\/uploads\/2021\/10\/Hasado-Wood-Rack-tailored-9x12.jpg 9w, https:\/\/hasado.fi\/wp-content\/uploads\/2021\/10\/Hasado-Wood-Rack-tailored-600x800.jpg 600w, https:\/\/hasado.fi\/wp-content\/uploads\/2021\/10\/Hasado-Wood-Rack-tailored-300x400.jpg 300w, https:\/\/hasado.fi\/wp-content\/uploads\/2021\/10\/Hasado-Wood-Rack-tailored-150x200.jpg 150w\" sizes=\"(max-width: 720px) 100vw, 720px\" \/>\t\t\t\t\t\t\t\t\t\t\t\t\t\t\t<\/div>\n\t\t\t\t<\/div>\n\t\t\t\t<div class=\"elementor-element elementor-element-0119fb1 elementor-widget elementor-widget-heading\" data-id=\"0119fb1\" data-element_type=\"widget\" data-widget_type=\"heading.default\">\n\t\t\t\t<div class=\"elementor-widget-container\">\n\t\t\t\t\t<h2 class=\"elementor-heading-title elementor-size-default\">Hasado Wood Rack<\/h2>\t\t\t\t<\/div>\n\t\t\t\t<\/div>\n\t\t\t\t<div class=\"elementor-element elementor-element-5ddb441 elementor-widget elementor-widget-text-editor\" data-id=\"5ddb441\" data-element_type=\"widget\" data-widget_type=\"text-editor.default\">\n\t\t\t\t<div class=\"elementor-widget-container\">\n\t\t\t\t\t\t\t\t\t<p>Mittausty\u00f6n\u00e4 toteutettu Hasado puuteline. (Sarvet ja aseet eiv\u00e4t kuulu pakettiin)<\/p>\t\t\t\t\t\t\t\t<\/div>\n\t\t\t\t<\/div>\n\t\t\t\t\t<\/div>\n\t\t<\/div>\n\t\t\t\t<div class=\"elementor-column elementor-col-33 elementor-top-column elementor-element elementor-element-db76392\" data-id=\"db76392\" data-element_type=\"column\">\n\t\t\t<div class=\"elementor-widget-wrap\">\n\t\t\t\t\t\t\t<\/div>\n\t\t<\/div>\n\t\t\t\t\t<\/div>\n\t\t<\/section>\n\t\t\t\t<\/div>","protected":false},"excerpt":{"rendered":"<p>T\u00e4lt\u00e4 sivulta l\u00f6ytyv\u00e4t mittausty\u00f6n\u00e4 toteutetut tuotteet. Hasado Wood Rack Mittausty\u00f6n\u00e4 toteutettu Hasado puuteline. (Sarvet ja aseet eiv\u00e4t kuulu pakettiin)<\/p>","protected":false},"author":195237952,"featured_media":0,"parent":0,"menu_order":0,"comment_status":"closed","ping_status":"closed","template":"","meta":{"_coblocks_attr":"","_coblocks_dimensions":"","_coblocks_responsive_height":"","_coblocks_accordion_ie_support":"","ocean_post_layout":"","ocean_both_sidebars_style":"","ocean_both_sidebars_content_width":0,"ocean_both_sidebars_sidebars_width":0,"ocean_sidebar":"0","ocean_second_sidebar":"0","ocean_disable_margins":"enable","ocean_add_body_class":"","ocean_shortcode_before_top_bar":"","ocean_shortcode_after_top_bar":"","ocean_shortcode_before_header":"","ocean_shortcode_after_header":"","ocean_has_shortcode":"","ocean_shortcode_after_title":"","ocean_shortcode_before_footer_widgets":"","ocean_shortcode_after_footer_widgets":"","ocean_shortcode_before_footer_bottom":"","ocean_shortcode_after_footer_bottom":"","ocean_display_top_bar":"default","ocean_display_header":"default","ocean_header_style":"","ocean_center_header_left_menu":"0","ocean_custom_header_template":"0","ocean_custom_logo":0,"ocean_custom_retina_logo":0,"ocean_custom_logo_max_width":0,"ocean_custom_logo_tablet_max_width":0,"ocean_custom_logo_mobile_max_width":0,"ocean_custom_logo_max_height":0,"ocean_custom_logo_tablet_max_height":0,"ocean_custom_logo_mobile_max_height":0,"ocean_header_custom_menu":"0","ocean_menu_typo_font_family":"0","ocean_menu_typo_font_subset":"","ocean_menu_typo_font_size":0,"ocean_menu_typo_font_size_tablet":0,"ocean_menu_typo_font_size_mobile":0,"ocean_menu_typo_font_size_unit":"px","ocean_menu_typo_font_weight":"","ocean_menu_typo_font_weight_tablet":"","ocean_menu_typo_font_weight_mobile":"","ocean_menu_typo_transform":"","ocean_menu_typo_transform_tablet":"","ocean_menu_typo_transform_mobile":"","ocean_menu_typo_line_height":0,"ocean_menu_typo_line_height_tablet":0,"ocean_menu_typo_line_height_mobile":0,"ocean_menu_typo_line_height_unit":"","ocean_menu_typo_spacing":0,"ocean_menu_typo_spacing_tablet":0,"ocean_menu_typo_spacing_mobile":0,"ocean_menu_typo_spacing_unit":"","ocean_menu_link_color":"","ocean_menu_link_color_hover":"","ocean_menu_link_color_active":"","ocean_menu_link_background":"","ocean_menu_link_hover_background":"","ocean_menu_link_active_background":"","ocean_menu_social_links_bg":"","ocean_menu_social_hover_links_bg":"","ocean_menu_social_links_color":"","ocean_menu_social_hover_links_color":"","ocean_disable_title":"default","ocean_disable_heading":"default","ocean_post_title":"","ocean_post_subheading":"","ocean_post_title_style":"","ocean_post_title_background_color":"","ocean_post_title_background":0,"ocean_post_title_bg_image_position":"","ocean_post_title_bg_image_attachment":"","ocean_post_title_bg_image_repeat":"","ocean_post_title_bg_image_size":"","ocean_post_title_height":0,"ocean_post_title_bg_overlay":0.5,"ocean_post_title_bg_overlay_color":"","ocean_disable_breadcrumbs":"default","ocean_breadcrumbs_color":"","ocean_breadcrumbs_separator_color":"","ocean_breadcrumbs_links_color":"","ocean_breadcrumbs_links_hover_color":"","ocean_display_footer_widgets":"default","ocean_display_footer_bottom":"default","ocean_custom_footer_template":"0","footnotes":""},"class_list":["post-1076","page","type-page","status-publish","hentry","entry"],"yoast_head":"<!-- This site is optimized with the Yoast SEO plugin v25.9 - https:\/\/yoast.com\/wordpress\/plugins\/seo\/ -->\n<title>HASADO GALLERIA - hasado<\/title>\n<meta name=\"robots\" content=\"index, follow, max-snippet:-1, max-image-preview:large, max-video-preview:-1\" \/>\n<link rel=\"canonical\" href=\"https:\/\/hasado.fi\/en\/hasado-galleria\/\" \/>\n<meta property=\"og:locale\" content=\"en_US\" \/>\n<meta property=\"og:type\" content=\"article\" \/>\n<meta property=\"og:title\" content=\"HASADO GALLERIA - hasado\" \/>\n<meta property=\"og:description\" content=\"T\u00e4lt\u00e4 sivulta l\u00f6ytyv\u00e4t mittausty\u00f6n\u00e4 toteutetut tuotteet. Hasado Wood Rack Mittausty\u00f6n\u00e4 toteutettu Hasado puuteline. (Sarvet ja aseet eiv\u00e4t kuulu pakettiin)\" \/>\n<meta property=\"og:url\" content=\"https:\/\/hasado.fi\/en\/hasado-galleria\/\" \/>\n<meta property=\"og:site_name\" content=\"hasado\" \/>\n<meta property=\"article:modified_time\" content=\"2021-10-08T11:23:36+00:00\" \/>\n<meta property=\"og:image\" content=\"https:\/\/hasado.fi\/wp-content\/uploads\/2021\/10\/Hasado-Wood-Rack-tailored.jpg\" \/>\n<meta name=\"twitter:card\" content=\"summary_large_image\" \/>\n<meta name=\"twitter:label1\" content=\"Est. reading time\" \/>\n\t<meta name=\"twitter:data1\" content=\"1 minute\" \/>\n<script type=\"application\/ld+json\" class=\"yoast-schema-graph\">{\"@context\":\"https:\/\/schema.org\",\"@graph\":[{\"@type\":\"WebPage\",\"@id\":\"https:\/\/hasado.fi\/hasado-galleria\/\",\"url\":\"https:\/\/hasado.fi\/hasado-galleria\/\",\"name\":\"HASADO GALLERIA - hasado\",\"isPartOf\":{\"@id\":\"https:\/\/hasado.fi\/#website\"},\"primaryImageOfPage\":{\"@id\":\"https:\/\/hasado.fi\/hasado-galleria\/#primaryimage\"},\"image\":{\"@id\":\"https:\/\/hasado.fi\/hasado-galleria\/#primaryimage\"},\"thumbnailUrl\":\"https:\/\/hasado.fi\/wp-content\/uploads\/2021\/10\/Hasado-Wood-Rack-tailored.jpg\",\"datePublished\":\"2021-10-05T09:48:16+00:00\",\"dateModified\":\"2021-10-08T11:23:36+00:00\",\"breadcrumb\":{\"@id\":\"https:\/\/hasado.fi\/hasado-galleria\/#breadcrumb\"},\"inLanguage\":\"en-US\",\"potentialAction\":[{\"@type\":\"ReadAction\",\"target\":[\"https:\/\/hasado.fi\/hasado-galleria\/\"]}]},{\"@type\":\"ImageObject\",\"inLanguage\":\"en-US\",\"@id\":\"https:\/\/hasado.fi\/hasado-galleria\/#primaryimage\",\"url\":\"https:\/\/hasado.fi\/wp-content\/uploads\/2021\/10\/Hasado-Wood-Rack-tailored.jpg\",\"contentUrl\":\"https:\/\/hasado.fi\/wp-content\/uploads\/2021\/10\/Hasado-Wood-Rack-tailored.jpg\"},{\"@type\":\"BreadcrumbList\",\"@id\":\"https:\/\/hasado.fi\/hasado-galleria\/#breadcrumb\",\"itemListElement\":[{\"@type\":\"ListItem\",\"position\":1,\"name\":\"Etusivu\",\"item\":\"https:\/\/hasado.fi\/\"},{\"@type\":\"ListItem\",\"position\":2,\"name\":\"HASADO GALLERIA\"}]},{\"@type\":\"WebSite\",\"@id\":\"https:\/\/hasado.fi\/#website\",\"url\":\"https:\/\/hasado.fi\/\",\"name\":\"hasado\",\"description\":\"Suomalainen muotoilu ja k\u00e4sity\u00f6, aito etel\u00e4amerikkalainen asado.\",\"publisher\":{\"@id\":\"https:\/\/hasado.fi\/#organization\"},\"potentialAction\":[{\"@type\":\"SearchAction\",\"target\":{\"@type\":\"EntryPoint\",\"urlTemplate\":\"https:\/\/hasado.fi\/?s={search_term_string}\"},\"query-input\":{\"@type\":\"PropertyValueSpecification\",\"valueRequired\":true,\"valueName\":\"search_term_string\"}}],\"inLanguage\":\"en-US\"},{\"@type\":\"Organization\",\"@id\":\"https:\/\/hasado.fi\/#organization\",\"name\":\"hasado\",\"url\":\"https:\/\/hasado.fi\/\",\"logo\":{\"@type\":\"ImageObject\",\"inLanguage\":\"en-US\",\"@id\":\"https:\/\/hasado.fi\/#\/schema\/logo\/image\/\",\"url\":\"https:\/\/hasado.fi\/wp-content\/uploads\/2023\/03\/cropped-hasado-logo.png\",\"contentUrl\":\"https:\/\/hasado.fi\/wp-content\/uploads\/2023\/03\/cropped-hasado-logo.png\",\"width\":541,\"height\":149,\"caption\":\"hasado\"},\"image\":{\"@id\":\"https:\/\/hasado.fi\/#\/schema\/logo\/image\/\"}}]}<\/script>\n<!-- \/ Yoast SEO plugin. -->","yoast_head_json":{"title":"HASADO GALLERIA - hasado","robots":{"index":"index","follow":"follow","max-snippet":"max-snippet:-1","max-image-preview":"max-image-preview:large","max-video-preview":"max-video-preview:-1"},"canonical":"https:\/\/hasado.fi\/en\/hasado-galleria\/","og_locale":"en_US","og_type":"article","og_title":"HASADO GALLERIA - hasado","og_description":"T\u00e4lt\u00e4 sivulta l\u00f6ytyv\u00e4t mittausty\u00f6n\u00e4 toteutetut tuotteet. Hasado Wood Rack Mittausty\u00f6n\u00e4 toteutettu Hasado puuteline. (Sarvet ja aseet eiv\u00e4t kuulu pakettiin)","og_url":"https:\/\/hasado.fi\/en\/hasado-galleria\/","og_site_name":"hasado","article_modified_time":"2021-10-08T11:23:36+00:00","og_image":[{"url":"https:\/\/hasado.fi\/wp-content\/uploads\/2021\/10\/Hasado-Wood-Rack-tailored.jpg","type":"","width":"","height":""}],"twitter_card":"summary_large_image","twitter_misc":{"Est. reading time":"1 minute"},"schema":{"@context":"https:\/\/schema.org","@graph":[{"@type":"WebPage","@id":"https:\/\/hasado.fi\/hasado-galleria\/","url":"https:\/\/hasado.fi\/hasado-galleria\/","name":"HASADO GALLERIA - hasado","isPartOf":{"@id":"https:\/\/hasado.fi\/#website"},"primaryImageOfPage":{"@id":"https:\/\/hasado.fi\/hasado-galleria\/#primaryimage"},"image":{"@id":"https:\/\/hasado.fi\/hasado-galleria\/#primaryimage"},"thumbnailUrl":"https:\/\/hasado.fi\/wp-content\/uploads\/2021\/10\/Hasado-Wood-Rack-tailored.jpg","datePublished":"2021-10-05T09:48:16+00:00","dateModified":"2021-10-08T11:23:36+00:00","breadcrumb":{"@id":"https:\/\/hasado.fi\/hasado-galleria\/#breadcrumb"},"inLanguage":"en-US","potentialAction":[{"@type":"ReadAction","target":["https:\/\/hasado.fi\/hasado-galleria\/"]}]},{"@type":"ImageObject","inLanguage":"en-US","@id":"https:\/\/hasado.fi\/hasado-galleria\/#primaryimage","url":"https:\/\/hasado.fi\/wp-content\/uploads\/2021\/10\/Hasado-Wood-Rack-tailored.jpg","contentUrl":"https:\/\/hasado.fi\/wp-content\/uploads\/2021\/10\/Hasado-Wood-Rack-tailored.jpg"},{"@type":"BreadcrumbList","@id":"https:\/\/hasado.fi\/hasado-galleria\/#breadcrumb","itemListElement":[{"@type":"ListItem","position":1,"name":"Etusivu","item":"https:\/\/hasado.fi\/"},{"@type":"ListItem","position":2,"name":"HASADO GALLERIA"}]},{"@type":"WebSite","@id":"https:\/\/hasado.fi\/#website","url":"https:\/\/hasado.fi\/","name":"hasado","description":"Suomalainen muotoilu ja k\u00e4sity\u00f6, aito etel\u00e4amerikkalainen asado.","publisher":{"@id":"https:\/\/hasado.fi\/#organization"},"potentialAction":[{"@type":"SearchAction","target":{"@type":"EntryPoint","urlTemplate":"https:\/\/hasado.fi\/?s={search_term_string}"},"query-input":{"@type":"PropertyValueSpecification","valueRequired":true,"valueName":"search_term_string"}}],"inLanguage":"en-US"},{"@type":"Organization","@id":"https:\/\/hasado.fi\/#organization","name":"hasado","url":"https:\/\/hasado.fi\/","logo":{"@type":"ImageObject","inLanguage":"en-US","@id":"https:\/\/hasado.fi\/#\/schema\/logo\/image\/","url":"https:\/\/hasado.fi\/wp-content\/uploads\/2023\/03\/cropped-hasado-logo.png","contentUrl":"https:\/\/hasado.fi\/wp-content\/uploads\/2023\/03\/cropped-hasado-logo.png","width":541,"height":149,"caption":"hasado"},"image":{"@id":"https:\/\/hasado.fi\/#\/schema\/logo\/image\/"}}]}},"amp_enabled":true,"_links":{"self":[{"href":"https:\/\/hasado.fi\/en\/wp-json\/wp\/v2\/pages\/1076","targetHints":{"allow":["GET"]}}],"collection":[{"href":"https:\/\/hasado.fi\/en\/wp-json\/wp\/v2\/pages"}],"about":[{"href":"https:\/\/hasado.fi\/en\/wp-json\/wp\/v2\/types\/page"}],"author":[{"embeddable":true,"href":"https:\/\/hasado.fi\/en\/wp-json\/wp\/v2\/users\/195237952"}],"replies":[{"embeddable":true,"href":"https:\/\/hasado.fi\/en\/wp-json\/wp\/v2\/comments?post=1076"}],"version-history":[{"count":20,"href":"https:\/\/hasado.fi\/en\/wp-json\/wp\/v2\/pages\/1076\/revisions"}],"predecessor-version":[{"id":1106,"href":"https:\/\/hasado.fi\/en\/wp-json\/wp\/v2\/pages\/1076\/revisions\/1106"}],"wp:attachment":[{"href":"https:\/\/hasado.fi\/en\/wp-json\/wp\/v2\/media?parent=1076"}],"curies":[{"name":"wp","href":"https:\/\/api.w.org\/{rel}","templated":true}]}}