{"id":8,"date":"2020-10-21T15:04:45","date_gmt":"2020-10-21T12:04:45","guid":{"rendered":"https:\/\/hasado.fi\/?page_id=8"},"modified":"2021-02-02T11:54:53","modified_gmt":"2021-02-02T09:54:53","slug":"ota-yhteytta","status":"publish","type":"page","link":"https:\/\/hasado.fi\/en\/ota-yhteytta\/","title":{"rendered":"OTA YHTEYTT\u00c4"},"content":{"rendered":"<p class=\"has-text-align-left\">Pyyd\u00e4 lis\u00e4tietoja tai tilaa Hasado olemalla yhteydess\u00e4 meihin.<\/p>\n\n\n\n<div style=\"height:32px\" aria-hidden=\"true\" class=\"wp-block-spacer desktop-only\"><\/div>\n\n\n\n<div class=\"wp-block-columns alignwide has-2-columns is-layout-flex wp-container-core-columns-is-layout-9d6595d7 wp-block-columns-is-layout-flex\">\n<div class=\"wp-block-column is-layout-flow wp-block-column-is-layout-flow\">\n<h5 class=\"has-text-align-left wp-block-heading\">Yhteystiedot<\/h5>\n\n\n\n<p>Haston Oy&nbsp;<\/p>\n\n\n\n<p>Matviikintie 136<\/p>\n\n\n\n<p>49200 HEINLAHTI<\/p>\n\n\n\n<p>ark. 08-16<\/p>\n\n\n\n<p>puh. +358 50 568 5824<\/p>\n\n\n\n<p><\/p>\n\n\n\n<p><a href=\"https:\/\/hasado.fi\/en\/\" data-type=\"URL\" data-id=\"hasado.fi\">www.hasadogrills.com<\/a><\/p>\n<\/div>\n\n\n\n<div class=\"wp-block-column is-layout-flow wp-block-column-is-layout-flow\">\n<h5 class=\"has-text-align-left wp-block-heading\">Yhteyslomake<\/h5>\n\n\n\n\n\n\n\n\n\n\n<\/div>\n<\/div>\n\n\n\n<figure class=\"wp-block-image alignfull size-large\"><img fetchpriority=\"high\" decoding=\"async\" width=\"1024\" height=\"683\" src=\"https:\/\/hasado.fi\/wp-content\/uploads\/2021\/01\/Hasado-real-19-1024x683.jpg\" alt=\"\" class=\"wp-image-360\" srcset=\"https:\/\/hasado.fi\/wp-content\/uploads\/2021\/01\/Hasado-real-19-1024x683.jpg 1024w, https:\/\/hasado.fi\/wp-content\/uploads\/2021\/01\/Hasado-real-19-300x200.jpg 300w, https:\/\/hasado.fi\/wp-content\/uploads\/2021\/01\/Hasado-real-19-768x512.jpg 768w, https:\/\/hasado.fi\/wp-content\/uploads\/2021\/01\/Hasado-real-19-1536x1024.jpg 1536w, https:\/\/hasado.fi\/wp-content\/uploads\/2021\/01\/Hasado-real-19-2048x1365.jpg 2048w, https:\/\/hasado.fi\/wp-content\/uploads\/2021\/01\/Hasado-real-19-1200x800.jpg 1200w\" sizes=\"(max-width: 1024px) 100vw, 1024px\" \/><\/figure>","protected":false},"excerpt":{"rendered":"<p>Pyyd\u00e4 lis\u00e4tietoja tai tilaa Hasado olemalla yhteydess\u00e4 meihin. Yhteystiedot Haston Oy&nbsp; Matviikintie 136 49200 HEINLAHTI ark. 08-16 puh. +358 50 568 5824 www.hasadogrills.com Yhteyslomake<\/p>","protected":false},"author":195237952,"featured_media":0,"parent":0,"menu_order":0,"comment_status":"closed","ping_status":"closed","template":"","meta":{"_coblocks_attr":"","_coblocks_dimensions":"","_coblocks_responsive_height":"","_coblocks_accordion_ie_support":"","ocean_post_layout":"","ocean_both_sidebars_style":"","ocean_both_sidebars_content_width":0,"ocean_both_sidebars_sidebars_width":0,"ocean_sidebar":"0","ocean_second_sidebar":"0","ocean_disable_margins":"enable","ocean_add_body_class":"","ocean_shortcode_before_top_bar":"","ocean_shortcode_after_top_bar":"","ocean_shortcode_before_header":"","ocean_shortcode_after_header":"","ocean_has_shortcode":"","ocean_shortcode_after_title":"","ocean_shortcode_before_footer_widgets":"","ocean_shortcode_after_footer_widgets":"","ocean_shortcode_before_footer_bottom":"","ocean_shortcode_after_footer_bottom":"","ocean_display_top_bar":"default","ocean_display_header":"default","ocean_header_style":"","ocean_center_header_left_menu":"0","ocean_custom_header_template":"0","ocean_custom_logo":0,"ocean_custom_retina_logo":0,"ocean_custom_logo_max_width":0,"ocean_custom_logo_tablet_max_width":0,"ocean_custom_logo_mobile_max_width":0,"ocean_custom_logo_max_height":0,"ocean_custom_logo_tablet_max_height":0,"ocean_custom_logo_mobile_max_height":0,"ocean_header_custom_menu":"0","ocean_menu_typo_font_family":"0","ocean_menu_typo_font_subset":"","ocean_menu_typo_font_size":0,"ocean_menu_typo_font_size_tablet":0,"ocean_menu_typo_font_size_mobile":0,"ocean_menu_typo_font_size_unit":"px","ocean_menu_typo_font_weight":"","ocean_menu_typo_font_weight_tablet":"","ocean_menu_typo_font_weight_mobile":"","ocean_menu_typo_transform":"","ocean_menu_typo_transform_tablet":"","ocean_menu_typo_transform_mobile":"","ocean_menu_typo_line_height":0,"ocean_menu_typo_line_height_tablet":0,"ocean_menu_typo_line_height_mobile":0,"ocean_menu_typo_line_height_unit":"","ocean_menu_typo_spacing":0,"ocean_menu_typo_spacing_tablet":0,"ocean_menu_typo_spacing_mobile":0,"ocean_menu_typo_spacing_unit":"","ocean_menu_link_color":"","ocean_menu_link_color_hover":"","ocean_menu_link_color_active":"","ocean_menu_link_background":"","ocean_menu_link_hover_background":"","ocean_menu_link_active_background":"","ocean_menu_social_links_bg":"","ocean_menu_social_hover_links_bg":"","ocean_menu_social_links_color":"","ocean_menu_social_hover_links_color":"","ocean_disable_title":"default","ocean_disable_heading":"default","ocean_post_title":"","ocean_post_subheading":"","ocean_post_title_style":"","ocean_post_title_background_color":"","ocean_post_title_background":0,"ocean_post_title_bg_image_position":"","ocean_post_title_bg_image_attachment":"","ocean_post_title_bg_image_repeat":"","ocean_post_title_bg_image_size":"","ocean_post_title_height":0,"ocean_post_title_bg_overlay":0.5,"ocean_post_title_bg_overlay_color":"","ocean_disable_breadcrumbs":"default","ocean_breadcrumbs_color":"","ocean_breadcrumbs_separator_color":"","ocean_breadcrumbs_links_color":"","ocean_breadcrumbs_links_hover_color":"","ocean_display_footer_widgets":"default","ocean_display_footer_bottom":"off","ocean_custom_footer_template":"0","footnotes":""},"class_list":["post-8","page","type-page","status-publish","hentry","entry"],"yoast_head":"<!-- This site is optimized with the Yoast SEO plugin v25.9 - https:\/\/yoast.com\/wordpress\/plugins\/seo\/ -->\n<title>OTA YHTEYTT\u00c4 - hasado<\/title>\n<meta name=\"description\" content=\"Pyyd\u00e4 lis\u00e4tietoja tai tilaa Hasado olemalla yhteydess\u00e4 meihin. Yhteystiedot Haston Oy Matviikintie 136 49200 HEINLAHTI ark. 08-16puh. +358 50 568 5824 www.hasadogrills.com\" \/>\n<meta name=\"robots\" content=\"index, follow, max-snippet:-1, max-image-preview:large, max-video-preview:-1\" \/>\n<link rel=\"canonical\" href=\"https:\/\/hasado.fi\/en\/ota-yhteytta\/\" \/>\n<meta property=\"og:locale\" content=\"en_US\" \/>\n<meta property=\"og:type\" content=\"article\" \/>\n<meta property=\"og:title\" content=\"OTA YHTEYTT\u00c4 - hasado\" \/>\n<meta property=\"og:description\" content=\"Pyyd\u00e4 lis\u00e4tietoja tai tilaa Hasado olemalla yhteydess\u00e4 meihin. Yhteystiedot Haston Oy Matviikintie 136 49200 HEINLAHTI ark. 08-16puh. +358 50 568 5824 www.hasadogrills.com\" \/>\n<meta property=\"og:url\" content=\"https:\/\/hasado.fi\/en\/ota-yhteytta\/\" \/>\n<meta property=\"og:site_name\" content=\"hasado\" \/>\n<meta property=\"article:modified_time\" content=\"2021-02-02T09:54:53+00:00\" \/>\n<meta property=\"og:image\" content=\"https:\/\/hasado.fi\/wp-content\/uploads\/2021\/01\/Hasado-real-19-1024x683.jpg\" \/>\n<meta name=\"twitter:card\" content=\"summary_large_image\" \/>\n<meta name=\"twitter:label1\" content=\"Est. reading time\" \/>\n\t<meta name=\"twitter:data1\" content=\"1 minute\" \/>\n<script type=\"application\/ld+json\" class=\"yoast-schema-graph\">{\"@context\":\"https:\/\/schema.org\",\"@graph\":[{\"@type\":\"WebPage\",\"@id\":\"https:\/\/hasado.fi\/ota-yhteytta\/\",\"url\":\"https:\/\/hasado.fi\/ota-yhteytta\/\",\"name\":\"OTA YHTEYTT\u00c4 - hasado\",\"isPartOf\":{\"@id\":\"https:\/\/hasado.fi\/#website\"},\"primaryImageOfPage\":{\"@id\":\"https:\/\/hasado.fi\/ota-yhteytta\/#primaryimage\"},\"image\":{\"@id\":\"https:\/\/hasado.fi\/ota-yhteytta\/#primaryimage\"},\"thumbnailUrl\":\"https:\/\/hasado.fi\/wp-content\/uploads\/2021\/01\/Hasado-real-19-1024x683.jpg\",\"datePublished\":\"2020-10-21T12:04:45+00:00\",\"dateModified\":\"2021-02-02T09:54:53+00:00\",\"description\":\"Pyyd\u00e4 lis\u00e4tietoja tai tilaa Hasado olemalla yhteydess\u00e4 meihin. Yhteystiedot Haston Oy Matviikintie 136 49200 HEINLAHTI ark. 08-16puh. +358 50 568 5824 www.hasadogrills.com\",\"breadcrumb\":{\"@id\":\"https:\/\/hasado.fi\/ota-yhteytta\/#breadcrumb\"},\"inLanguage\":\"en-US\",\"potentialAction\":[{\"@type\":\"ReadAction\",\"target\":[\"https:\/\/hasado.fi\/ota-yhteytta\/\"]}]},{\"@type\":\"ImageObject\",\"inLanguage\":\"en-US\",\"@id\":\"https:\/\/hasado.fi\/ota-yhteytta\/#primaryimage\",\"url\":\"https:\/\/hasado.fi\/wp-content\/uploads\/2021\/01\/Hasado-real-19-1024x683.jpg\",\"contentUrl\":\"https:\/\/hasado.fi\/wp-content\/uploads\/2021\/01\/Hasado-real-19-1024x683.jpg\"},{\"@type\":\"BreadcrumbList\",\"@id\":\"https:\/\/hasado.fi\/ota-yhteytta\/#breadcrumb\",\"itemListElement\":[{\"@type\":\"ListItem\",\"position\":1,\"name\":\"Etusivu\",\"item\":\"https:\/\/hasado.fi\/\"},{\"@type\":\"ListItem\",\"position\":2,\"name\":\"OTA YHTEYTT\u00c4\"}]},{\"@type\":\"WebSite\",\"@id\":\"https:\/\/hasado.fi\/#website\",\"url\":\"https:\/\/hasado.fi\/\",\"name\":\"hasado\",\"description\":\"Suomalainen muotoilu ja k\u00e4sity\u00f6, aito etel\u00e4amerikkalainen asado.\",\"publisher\":{\"@id\":\"https:\/\/hasado.fi\/#organization\"},\"potentialAction\":[{\"@type\":\"SearchAction\",\"target\":{\"@type\":\"EntryPoint\",\"urlTemplate\":\"https:\/\/hasado.fi\/?s={search_term_string}\"},\"query-input\":{\"@type\":\"PropertyValueSpecification\",\"valueRequired\":true,\"valueName\":\"search_term_string\"}}],\"inLanguage\":\"en-US\"},{\"@type\":\"Organization\",\"@id\":\"https:\/\/hasado.fi\/#organization\",\"name\":\"hasado\",\"url\":\"https:\/\/hasado.fi\/\",\"logo\":{\"@type\":\"ImageObject\",\"inLanguage\":\"en-US\",\"@id\":\"https:\/\/hasado.fi\/#\/schema\/logo\/image\/\",\"url\":\"https:\/\/hasado.fi\/wp-content\/uploads\/2023\/03\/cropped-hasado-logo.png\",\"contentUrl\":\"https:\/\/hasado.fi\/wp-content\/uploads\/2023\/03\/cropped-hasado-logo.png\",\"width\":541,\"height\":149,\"caption\":\"hasado\"},\"image\":{\"@id\":\"https:\/\/hasado.fi\/#\/schema\/logo\/image\/\"}}]}<\/script>\n<!-- \/ Yoast SEO plugin. -->","yoast_head_json":{"title":"OTA YHTEYTT\u00c4 - hasado","description":"Pyyd\u00e4 lis\u00e4tietoja tai tilaa Hasado olemalla yhteydess\u00e4 meihin. Yhteystiedot Haston Oy Matviikintie 136 49200 HEINLAHTI ark. 08-16puh. +358 50 568 5824 www.hasadogrills.com","robots":{"index":"index","follow":"follow","max-snippet":"max-snippet:-1","max-image-preview":"max-image-preview:large","max-video-preview":"max-video-preview:-1"},"canonical":"https:\/\/hasado.fi\/en\/ota-yhteytta\/","og_locale":"en_US","og_type":"article","og_title":"OTA YHTEYTT\u00c4 - hasado","og_description":"Pyyd\u00e4 lis\u00e4tietoja tai tilaa Hasado olemalla yhteydess\u00e4 meihin. Yhteystiedot Haston Oy Matviikintie 136 49200 HEINLAHTI ark. 08-16puh. +358 50 568 5824 www.hasadogrills.com","og_url":"https:\/\/hasado.fi\/en\/ota-yhteytta\/","og_site_name":"hasado","article_modified_time":"2021-02-02T09:54:53+00:00","og_image":[{"url":"https:\/\/hasado.fi\/wp-content\/uploads\/2021\/01\/Hasado-real-19-1024x683.jpg","type":"","width":"","height":""}],"twitter_card":"summary_large_image","twitter_misc":{"Est. reading time":"1 minute"},"schema":{"@context":"https:\/\/schema.org","@graph":[{"@type":"WebPage","@id":"https:\/\/hasado.fi\/ota-yhteytta\/","url":"https:\/\/hasado.fi\/ota-yhteytta\/","name":"OTA YHTEYTT\u00c4 - hasado","isPartOf":{"@id":"https:\/\/hasado.fi\/#website"},"primaryImageOfPage":{"@id":"https:\/\/hasado.fi\/ota-yhteytta\/#primaryimage"},"image":{"@id":"https:\/\/hasado.fi\/ota-yhteytta\/#primaryimage"},"thumbnailUrl":"https:\/\/hasado.fi\/wp-content\/uploads\/2021\/01\/Hasado-real-19-1024x683.jpg","datePublished":"2020-10-21T12:04:45+00:00","dateModified":"2021-02-02T09:54:53+00:00","description":"Pyyd\u00e4 lis\u00e4tietoja tai tilaa Hasado olemalla yhteydess\u00e4 meihin. Yhteystiedot Haston Oy Matviikintie 136 49200 HEINLAHTI ark. 08-16puh. +358 50 568 5824 www.hasadogrills.com","breadcrumb":{"@id":"https:\/\/hasado.fi\/ota-yhteytta\/#breadcrumb"},"inLanguage":"en-US","potentialAction":[{"@type":"ReadAction","target":["https:\/\/hasado.fi\/ota-yhteytta\/"]}]},{"@type":"ImageObject","inLanguage":"en-US","@id":"https:\/\/hasado.fi\/ota-yhteytta\/#primaryimage","url":"https:\/\/hasado.fi\/wp-content\/uploads\/2021\/01\/Hasado-real-19-1024x683.jpg","contentUrl":"https:\/\/hasado.fi\/wp-content\/uploads\/2021\/01\/Hasado-real-19-1024x683.jpg"},{"@type":"BreadcrumbList","@id":"https:\/\/hasado.fi\/ota-yhteytta\/#breadcrumb","itemListElement":[{"@type":"ListItem","position":1,"name":"Etusivu","item":"https:\/\/hasado.fi\/"},{"@type":"ListItem","position":2,"name":"OTA YHTEYTT\u00c4"}]},{"@type":"WebSite","@id":"https:\/\/hasado.fi\/#website","url":"https:\/\/hasado.fi\/","name":"hasado","description":"Suomalainen muotoilu ja k\u00e4sity\u00f6, aito etel\u00e4amerikkalainen asado.","publisher":{"@id":"https:\/\/hasado.fi\/#organization"},"potentialAction":[{"@type":"SearchAction","target":{"@type":"EntryPoint","urlTemplate":"https:\/\/hasado.fi\/?s={search_term_string}"},"query-input":{"@type":"PropertyValueSpecification","valueRequired":true,"valueName":"search_term_string"}}],"inLanguage":"en-US"},{"@type":"Organization","@id":"https:\/\/hasado.fi\/#organization","name":"hasado","url":"https:\/\/hasado.fi\/","logo":{"@type":"ImageObject","inLanguage":"en-US","@id":"https:\/\/hasado.fi\/#\/schema\/logo\/image\/","url":"https:\/\/hasado.fi\/wp-content\/uploads\/2023\/03\/cropped-hasado-logo.png","contentUrl":"https:\/\/hasado.fi\/wp-content\/uploads\/2023\/03\/cropped-hasado-logo.png","width":541,"height":149,"caption":"hasado"},"image":{"@id":"https:\/\/hasado.fi\/#\/schema\/logo\/image\/"}}]}},"amp_enabled":true,"_links":{"self":[{"href":"https:\/\/hasado.fi\/en\/wp-json\/wp\/v2\/pages\/8","targetHints":{"allow":["GET"]}}],"collection":[{"href":"https:\/\/hasado.fi\/en\/wp-json\/wp\/v2\/pages"}],"about":[{"href":"https:\/\/hasado.fi\/en\/wp-json\/wp\/v2\/types\/page"}],"author":[{"embeddable":true,"href":"https:\/\/hasado.fi\/en\/wp-json\/wp\/v2\/users\/195237952"}],"replies":[{"embeddable":true,"href":"https:\/\/hasado.fi\/en\/wp-json\/wp\/v2\/comments?post=8"}],"version-history":[{"count":11,"href":"https:\/\/hasado.fi\/en\/wp-json\/wp\/v2\/pages\/8\/revisions"}],"predecessor-version":[{"id":626,"href":"https:\/\/hasado.fi\/en\/wp-json\/wp\/v2\/pages\/8\/revisions\/626"}],"wp:attachment":[{"href":"https:\/\/hasado.fi\/en\/wp-json\/wp\/v2\/media?parent=8"}],"curies":[{"name":"wp","href":"https:\/\/api.w.org\/{rel}","templated":true}]}}